{"id":14885,"date":"2022-03-29T19:19:12","date_gmt":"2022-03-29T17:19:12","guid":{"rendered":"https:\/\/lokbest-store.coalo.dev\/contact\/"},"modified":"2025-06-03T14:52:38","modified_gmt":"2025-06-03T12:52:38","slug":"contact","status":"publish","type":"page","link":"https:\/\/lokbest-store.coalo.dev\/fr\/contact\/","title":{"rendered":"Contact"},"content":{"rendered":"\t\t<div data-elementor-type=\"wp-page\" data-elementor-id=\"14885\" class=\"elementor elementor-14885 elementor-941\" data-elementor-post-type=\"page\">\n\t\t\t\t\t\t<section class=\"elementor-section elementor-top-section elementor-element elementor-element-4794b2f7 elementor-section-full_width elementor-section-height-default elementor-section-height-default\" data-id=\"4794b2f7\" data-element_type=\"section\">\n\t\t\t\t\t\t<div class=\"elementor-container elementor-column-gap-default\">\n\t\t\t\t\t<div class=\"elementor-column elementor-col-100 elementor-top-column elementor-element elementor-element-79c7fb34\" data-id=\"79c7fb34\" data-element_type=\"column\">\n\t\t\t<div class=\"elementor-widget-wrap elementor-element-populated\">\n\t\t\t\t\t\t<div class=\"elementor-element elementor-element-1f499ec elementor-widget elementor-widget-text-editor\" data-id=\"1f499ec\" data-element_type=\"widget\" data-widget_type=\"text-editor.default\">\n\t\t\t\t<div class=\"elementor-widget-container\">\n\t\t\t\t\t\t\t\t\t<p>\n<style type=\"text\/css\" data-created_by=\"avia_inline_auto\" id=\"style-css-av-98lpx-c13e783c14d440e3792580193c18a6fc\">\n.avia-section.av-98lpx-c13e783c14d440e3792580193c18a6fc{\nbackground-repeat:no-repeat;\nbackground-image:url(https:\/\/lokbest-store.coalo.dev\/wp-content\/uploads\/2022\/03\/WhatsApp-Image-2021-07-27-at-11.08.23-1.jpeg);\nbackground-position:50% 50%;\nbackground-attachment:fixed;\n}\n.avia-section.av-98lpx-c13e783c14d440e3792580193c18a6fc .av-section-color-overlay{\nopacity:0.5;\nbackground-color:#000000;\n}\n<\/style>\n<div id='av_section_1'  class='avia-section av-98lpx-c13e783c14d440e3792580193c18a6fc main_color avia-section-default avia-no-border-styling  avia-builder-el-0  el_before_av_section  avia-builder-el-first  avia-full-stretch avia-bg-style-fixed av-section-color-overlay-active container_wrap fullsize'  data-section-bg-repeat='stretch'><div class=\"av-section-color-overlay-wrap\"><div class=\"av-section-color-overlay\"><\/div><div class='container av-section-cont-open' ><main  role=\"main\" itemprop=\"mainContentOfPage\"  class='template-page content  av-content-full alpha units'><div class='post-entry post-entry-type-page post-entry-14885'><div class='entry-content-wrapper clearfix'>\n<style type=\"text\/css\" data-created_by=\"avia_inline_auto\" id=\"style-css-av-m3eiuyj1-ae04a4445a1d253a8f9080465e5fbb05\">\n#top .av-special-heading.av-m3eiuyj1-ae04a4445a1d253a8f9080465e5fbb05{\npadding-bottom:0;\ncolor:#ffffff;\n}\nbody .av-special-heading.av-m3eiuyj1-ae04a4445a1d253a8f9080465e5fbb05 .av-special-heading-tag .heading-char{\nfont-size:25px;\n}\n.av-special-heading.av-m3eiuyj1-ae04a4445a1d253a8f9080465e5fbb05 .special-heading-inner-border{\nborder-color:#ffffff;\n}\n.av-special-heading.av-m3eiuyj1-ae04a4445a1d253a8f9080465e5fbb05 .av-subheading{\nfont-size:15px;\n}\n<\/style>\n<div  class='av-special-heading av-m3eiuyj1-ae04a4445a1d253a8f9080465e5fbb05 av-special-heading-h1 custom-color-heading blockquote modern-quote modern-centered  avia-builder-el-1  avia-builder-el-no-sibling '><h1 class='av-special-heading-tag '  itemprop=\"headline\"  >Contactez-nous<\/h1><div class='av_custom_color av-subheading av-subheading_below'><p>Nous sommes \u00e0 votre disposition pour r\u00e9pondre \u00e0 vos questions.<\/p>\n<\/div><div class=\"special-heading-border\"><div class=\"special-heading-inner-border\"><\/div><\/div><\/div><\/div><\/div><\/main><!-- close content main element --><\/div><\/div><\/div><div id='av_section_2'  class='avia-section av-8c6of-28e31935af5964bb09cbcb26904b1583 main_color avia-section-default avia-no-border-styling  avia-builder-el-2  el_after_av_section  avia-builder-el-last  avia-bg-style-scroll container_wrap fullsize'  ><div class='container av-section-cont-open' ><div class='template-page content  av-content-full alpha units'><div class='post-entry post-entry-type-page post-entry-14885'><div class='entry-content-wrapper clearfix'>\n<style type=\"text\/css\" data-created_by=\"avia_inline_auto\" id=\"style-css-av-l1c15cdo-05b80989bb975f3380bb478c9857f398\">\n.flex_column.av-l1c15cdo-05b80989bb975f3380bb478c9857f398{\npadding:3% 3% 3% 3%;\n}\n<\/style>\n<div  class='flex_column av-l1c15cdo-05b80989bb975f3380bb478c9857f398 av_two_fifth  avia-builder-el-3  el_before_av_three_fifth  avia-builder-el-first  first flex_column_div  '     ><p>\n<style type=\"text\/css\" data-created_by=\"avia_inline_auto\" id=\"style-css-av-l1bz0oui-4eb824f1830f9b1ec8c1446ed74dd5db\">\n#top .av-special-heading.av-l1bz0oui-4eb824f1830f9b1ec8c1446ed74dd5db{\npadding-bottom:45px;\ncolor:#272d4e;\nfont-size:50px;\n}\nbody .av-special-heading.av-l1bz0oui-4eb824f1830f9b1ec8c1446ed74dd5db .av-special-heading-tag .heading-char{\nfont-size:25px;\n}\n#top #wrap_all .av-special-heading.av-l1bz0oui-4eb824f1830f9b1ec8c1446ed74dd5db .av-special-heading-tag{\nfont-size:50px;\n}\n.av-special-heading.av-l1bz0oui-4eb824f1830f9b1ec8c1446ed74dd5db .special-heading-inner-border{\nborder-color:#272d4e;\n}\n.av-special-heading.av-l1bz0oui-4eb824f1830f9b1ec8c1446ed74dd5db .av-subheading{\nfont-size:18px;\ncolor:#857f7f;\n}\n\n@media only screen and (min-width: 768px) and (max-width: 989px){ \n#top #wrap_all .av-special-heading.av-l1bz0oui-4eb824f1830f9b1ec8c1446ed74dd5db .av-special-heading-tag{\nfont-size:40px;\n}\n}\n\n@media only screen and (min-width: 480px) and (max-width: 767px){ \n#top #wrap_all .av-special-heading.av-l1bz0oui-4eb824f1830f9b1ec8c1446ed74dd5db .av-special-heading-tag{\nfont-size:30px;\n}\n}\n\n@media only screen and (max-width: 479px){ \n#top #wrap_all .av-special-heading.av-l1bz0oui-4eb824f1830f9b1ec8c1446ed74dd5db .av-special-heading-tag{\nfont-size:30px;\n}\n}\n<\/style>\n<div  class='av-special-heading av-l1bz0oui-4eb824f1830f9b1ec8c1446ed74dd5db av-special-heading-h3 custom-color-heading blockquote modern-quote  avia-builder-el-4  el_before_av_icon_box  avia-builder-el-first  av-inherit-size'><div class='av_custom_color av-subheading av-subheading_above'><p>Comment nous contacter?<\/p>\n<\/div><h3 class='av-special-heading-tag '  itemprop=\"headline\"  >Nos coordonn\u00e9es<\/h3><div class=\"special-heading-border\"><div class=\"special-heading-inner-border\"><\/div><\/div><\/div>\n<style type=\"text\/css\" data-created_by=\"avia_inline_auto\" id=\"style-css-av-l1bz6rph-ef8b409ed326e035c3c1149d5b9ea7e7\">\n.iconbox.av-l1bz6rph-ef8b409ed326e035c3c1149d5b9ea7e7 .iconbox_icon{\ncolor:#82632c;\n}\n.iconbox.av-l1bz6rph-ef8b409ed326e035c3c1149d5b9ea7e7 .iconbox_icon.avia-svg-icon svg:first-child{\nfill:#82632c;\nstroke:#82632c;\n}\n#top #wrap_all .iconbox.av-l1bz6rph-ef8b409ed326e035c3c1149d5b9ea7e7 .iconbox_content_title{\nfont-size:26px;\ncolor:#000000;\n}\n.iconbox.av-l1bz6rph-ef8b409ed326e035c3c1149d5b9ea7e7 .iconbox_content_container{\nfont-size:16px;\ncolor:#1a1a1a;\n}\n<\/style>\n<article  class='iconbox iconbox_left_content av-l1bz6rph-ef8b409ed326e035c3c1149d5b9ea7e7 av-icon-style-no-border  avia-builder-el-5  el_after_av_heading  el_before_av_icon_box '  itemscope=\"itemscope\" itemtype=\"https:\/\/schema.org\/CreativeWork\" ><div class='iconbox_icon heading-color avia-iconfont avia-font-entypo-fontello' data-av_icon='\ue821' data-av_iconfont='entypo-fontello'  ><\/div><div class=\"iconbox_content\"><header class=\"entry-content-header\" aria-label=\"Ic\u00f4ne : Adresse\"><h3 class='iconbox_content_title '  itemprop=\"headline\" >Adresse<\/h3><\/header><div class='iconbox_content_container av_inherit_color'  itemprop=\"text\" ><p>LOKBEST GmbH<br \/>A\u00e9roparc 1<br \/>4 rue lcare<br \/>67960 ENTZHEIM<br \/>France<\/p>\n<\/div><\/div><footer class=\"entry-footer\"><\/footer><\/article>\n<style type=\"text\/css\" data-created_by=\"avia_inline_auto\" id=\"style-css-av-l1cdb1pt-8a3472ae79325988c199ccec9819c941\">\n.iconbox.av-l1cdb1pt-8a3472ae79325988c199ccec9819c941 .iconbox_icon{\ncolor:#82632c;\n}\n.iconbox.av-l1cdb1pt-8a3472ae79325988c199ccec9819c941 .iconbox_icon.avia-svg-icon svg:first-child{\nfill:#82632c;\nstroke:#82632c;\n}\n#top #wrap_all .iconbox.av-l1cdb1pt-8a3472ae79325988c199ccec9819c941 .iconbox_content_title{\nfont-size:26px;\ncolor:#000000;\n}\n.iconbox.av-l1cdb1pt-8a3472ae79325988c199ccec9819c941 .iconbox_content_container{\nfont-size:16px;\ncolor:#1a1a1a;\n}\n<\/style>\n<article  class='iconbox iconbox_left_content av-l1cdb1pt-8a3472ae79325988c199ccec9819c941 av-icon-style-no-border  avia-builder-el-6  el_after_av_icon_box  el_before_av_icon_box '  itemscope=\"itemscope\" itemtype=\"https:\/\/schema.org\/CreativeWork\" ><div class='iconbox_icon heading-color avia-iconfont avia-font-entypo-fontello' data-av_icon='\uf232' data-av_iconfont='entypo-fontello'  ><\/div><div class=\"iconbox_content\"><header class=\"entry-content-header\" aria-label=\"Ic\u00f4ne : WhatsApp\"><h3 class='iconbox_content_title '  itemprop=\"headline\" >WhatsApp<\/h3><\/header><div class='iconbox_content_container av_inherit_color'  itemprop=\"text\" ><p><a href=\"tel:+33602062543\">+33 602062543<\/a><\/p>\n<\/div><\/div><footer class=\"entry-footer\"><\/footer><\/article>\n<style type=\"text\/css\" data-created_by=\"avia_inline_auto\" id=\"style-css-av-l1c0mtyh-f800f5af18bea2af2486fe835798ef8e\">\n.iconbox.av-l1c0mtyh-f800f5af18bea2af2486fe835798ef8e .iconbox_icon{\ncolor:#82632c;\n}\n.iconbox.av-l1c0mtyh-f800f5af18bea2af2486fe835798ef8e .iconbox_icon.avia-svg-icon svg:first-child{\nfill:#82632c;\nstroke:#82632c;\n}\n#top #wrap_all .iconbox.av-l1c0mtyh-f800f5af18bea2af2486fe835798ef8e .iconbox_content_title{\nfont-size:26px;\ncolor:#000000;\n}\n.iconbox.av-l1c0mtyh-f800f5af18bea2af2486fe835798ef8e .iconbox_content_container{\nfont-size:16px;\ncolor:#1a1a1a;\n}\n<\/style>\n<article  class='iconbox iconbox_left_content av-l1c0mtyh-f800f5af18bea2af2486fe835798ef8e av-icon-style-no-border  avia-builder-el-7  el_after_av_icon_box  avia-builder-el-last '  itemscope=\"itemscope\" itemtype=\"https:\/\/schema.org\/CreativeWork\" ><div class='iconbox_icon heading-color avia-iconfont avia-font-entypo-fontello' data-av_icon='\ue805' data-av_iconfont='entypo-fontello'  ><\/div><div class=\"iconbox_content\"><header class=\"entry-content-header\" aria-label=\"Ic\u00f4ne : E-mail\"><h3 class='iconbox_content_title '  itemprop=\"headline\" >E-mail<\/h3><\/header><div class='iconbox_content_container av_inherit_color'  itemprop=\"text\" ><p><a href=\"javascript:secureDecryptAndNavigate('T501vEs3t6Y3c84iw7AinQdI\/kV9xIWdVbSzY1oDqb0DpcjFvQEGc\/T7sXbsbxCJMKvYI1kV2w6JLsf\/w\/nP\/JKhQhMgCi0HXJrHrqk=', '45822d822eb97d7e25edfd3307d5389ce813f5b0544df42098e1caaacc491d1a')\">&#105;&#110;f&#111;&#64;&#108;&#111;&#107;&#98;&#101;&#115;t&#45;&#115;&#116;&#111;re.co&#109;<\/a><\/p>\n<\/div><\/div><footer class=\"entry-footer\"><\/footer><\/article><\/p><\/div>\n<style type=\"text\/css\" data-created_by=\"avia_inline_auto\" id=\"style-css-av-l1c15tjg-5e602a7d08eef301f9b88497050b1a8b\">\n.flex_column.av-l1c15tjg-5e602a7d08eef301f9b88497050b1a8b{\npadding:3% 3% 3% 3%;\n}\n<\/style>\n<div  class='flex_column av-l1c15tjg-5e602a7d08eef301f9b88497050b1a8b av_three_fifth  avia-builder-el-8  el_after_av_two_fifth  avia-builder-el-last  flex_column_div  '     ><p>\n<style type=\"text\/css\" data-created_by=\"avia_inline_auto\" id=\"style-css-av-l1c13yvj-9d1c3b5d18ba5bac61020621e51cef35\">\n#top .av-special-heading.av-l1c13yvj-9d1c3b5d18ba5bac61020621e51cef35{\npadding-bottom:45px;\ncolor:#272d4e;\nfont-size:50px;\n}\nbody .av-special-heading.av-l1c13yvj-9d1c3b5d18ba5bac61020621e51cef35 .av-special-heading-tag .heading-char{\nfont-size:25px;\n}\n#top #wrap_all .av-special-heading.av-l1c13yvj-9d1c3b5d18ba5bac61020621e51cef35 .av-special-heading-tag{\nfont-size:50px;\n}\n.av-special-heading.av-l1c13yvj-9d1c3b5d18ba5bac61020621e51cef35 .special-heading-inner-border{\nborder-color:#272d4e;\n}\n.av-special-heading.av-l1c13yvj-9d1c3b5d18ba5bac61020621e51cef35 .av-subheading{\nfont-size:18px;\ncolor:#857f7f;\n}\n\n@media only screen and (min-width: 768px) and (max-width: 989px){ \n#top #wrap_all .av-special-heading.av-l1c13yvj-9d1c3b5d18ba5bac61020621e51cef35 .av-special-heading-tag{\nfont-size:40px;\n}\n}\n\n@media only screen and (min-width: 480px) and (max-width: 767px){ \n#top #wrap_all .av-special-heading.av-l1c13yvj-9d1c3b5d18ba5bac61020621e51cef35 .av-special-heading-tag{\nfont-size:32px;\n}\n}\n\n@media only screen and (max-width: 479px){ \n#top #wrap_all .av-special-heading.av-l1c13yvj-9d1c3b5d18ba5bac61020621e51cef35 .av-special-heading-tag{\nfont-size:30px;\n}\n}\n<\/style>\n<div  class='av-special-heading av-l1c13yvj-9d1c3b5d18ba5bac61020621e51cef35 av-special-heading-h3 custom-color-heading blockquote modern-quote  avia-builder-el-9  el_before_av_textblock  avia-builder-el-first  av-inherit-size'><div class='av_custom_color av-subheading av-subheading_above'><p>Nous attendons avec impatience votre<\/p>\n<\/div><h3 class='av-special-heading-tag '  itemprop=\"headline\"  >Message<\/h3><div class=\"special-heading-border\"><div class=\"special-heading-inner-border\"><\/div><\/div><\/div><section  class='av_textblock_section av-l1cb8gh7-258fe43389bd61e289a9beaa800b3c2d '   itemscope=\"itemscope\" itemtype=\"https:\/\/schema.org\/CreativeWork\" ><div class='avia_textblock'  itemprop=\"text\" >\n<div class=\"wpcf7 no-js\" id=\"wpcf7-f16354-o1\" lang=\"fr-FR\" dir=\"ltr\" data-wpcf7-id=\"16354\">\n<div class=\"screen-reader-response\"><p role=\"status\" aria-live=\"polite\" aria-atomic=\"true\"><\/p> <ul><\/ul><\/div>\n<form action=\"\/fr\/wp-json\/wp\/v2\/pages\/14885#wpcf7-f16354-o1\" method=\"post\" class=\"wpcf7-form init\" aria-label=\"Formulaire de contact\" novalidate=\"novalidate\" data-status=\"init\">\n<fieldset class=\"hidden-fields-container\"><input type=\"hidden\" name=\"_wpcf7\" value=\"16354\" \/><input type=\"hidden\" name=\"_wpcf7_version\" value=\"6.1.4\" \/><input type=\"hidden\" name=\"_wpcf7_locale\" value=\"fr_FR\" \/><input type=\"hidden\" name=\"_wpcf7_unit_tag\" value=\"wpcf7-f16354-o1\" \/><input type=\"hidden\" name=\"_wpcf7_container_post\" value=\"0\" \/><input type=\"hidden\" name=\"_wpcf7_posted_data_hash\" value=\"\" \/>\n<\/fieldset>\n<div class=\"wpcf7-response-output\" aria-hidden=\"true\"><\/div>\n<div class=\"elementor-form-fields-wrapper formular-cf7\">\n<div class=\"elementor-field-group elementor-column elementor-field-group-name elementor-col-50 spalte-links\">\n<label>  Nom*\n    <span class=\"wpcf7-form-control-wrap\" data-name=\"dein-name\"><input size=\"40\" maxlength=\"400\" class=\"wpcf7-form-control wpcf7-text wpcf7-validates-as-required\" autocomplete=\"name\" aria-required=\"true\" aria-invalid=\"false\" value=\"\" type=\"text\" name=\"dein-name\" \/><\/span> <\/label>\n<\/div>\n\n<div class=\"elementor-field-group elementor-column elementor-field-group-name elementor-col-50 spalte-rechts\">\n<label>  Nom de l\u2019entreprise\n    <span class=\"wpcf7-form-control-wrap\" data-name=\"dein-betrieb\"><input size=\"40\" maxlength=\"400\" class=\"wpcf7-form-control wpcf7-text\" autocomplete=\"name\" aria-invalid=\"false\" value=\"\" type=\"text\" name=\"dein-betrieb\" \/><\/span> <\/label><span id=\"wpcf7-69e3ec32c4d24-wrapper\" class=\"wpcf7-form-control-wrap website-wrap\" ><label for=\"wpcf7-69e3ec32c4d24-field\" class=\"hp-message\">Veuillez laisser ce champ vide.<\/label><input id=\"wpcf7-69e3ec32c4d24-field\"  class=\"wpcf7-form-control wpcf7-text\" type=\"text\" name=\"website\" value=\"\" size=\"40\" tabindex=\"-1\" autocomplete=\"new-password\" \/><\/span>\n<\/div>\n\n<div class=\"elementor-field-group elementor-column elementor-field-group-name elementor-col-50 spalte-links\">\n<label> Adresse e-mail*\n    <span class=\"wpcf7-form-control-wrap\" data-name=\"deine-email\"><input size=\"40\" maxlength=\"400\" class=\"wpcf7-form-control wpcf7-email wpcf7-validates-as-required wpcf7-text wpcf7-validates-as-email\" autocomplete=\"email\" aria-required=\"true\" aria-invalid=\"false\" value=\"\" type=\"email\" name=\"deine-email\" \/><\/span> <\/label>\n<\/div>\n\n<div class=\"elementor-field-group elementor-column elementor-field-group-name elementor-col-50 spalte-rechts\">\n<label>  Num\u00e9ro de t\u00e9l\u00e9phone <span style=\"font-size: 10px\">(si vous souhaitez \u00eatre rappel\u00e9)<\/span>\n<span class=\"wpcf7-form-control-wrap\" data-name=\"deine-laendervorwahl\"><select class=\"wpcf7-form-control wpcf7-select anfrageformular-laendervorwahl\" aria-invalid=\"false\" name=\"deine-laendervorwahl\"><option value=\"+31\">+31<\/option><option value=\"+33\" selected=\"selected\">+33<\/option><option value=\"+34\">+34<\/option><option value=\"+351\">+351<\/option><option value=\"+385\">+385<\/option><option value=\"+39\">+39<\/option><option value=\"+44\">+44<\/option><option value=\"+45\">+45<\/option><option value=\"+46\">+46<\/option><option value=\"+47\">+47<\/option><option value=\"+49\">+49<\/option><option value=\"+43\">+43<\/option><option value=\"+41\">+41<\/option><\/select><\/span> <span class=\"wpcf7-form-control-wrap\" data-name=\"deine-telefonnummer\"><input size=\"40\" maxlength=\"400\" class=\"wpcf7-form-control wpcf7-text anfrageformular-telefon\" aria-invalid=\"false\" value=\"\" type=\"text\" name=\"deine-telefonnummer\" \/><\/span> <\/label><span id=\"wpcf7-69e3ec32c5038-wrapper\" class=\"wpcf7-form-control-wrap betreff-wrap\" ><label for=\"wpcf7-69e3ec32c5038-field\" class=\"hp-message\">Veuillez laisser ce champ vide.<\/label><input id=\"wpcf7-69e3ec32c5038-field\"  class=\"wpcf7-form-control wpcf7-text\" type=\"text\" name=\"betreff\" value=\"\" size=\"40\" tabindex=\"-1\" autocomplete=\"new-password\" \/><\/span>\n<\/div>\n\n<div class=\"elementor-field-group elementor-column elementor-field-group-name elementor-col-100 spalte-ganz\">\n<label>  Sujet\n    <span class=\"wpcf7-form-control-wrap\" data-name=\"dein-betreff\"><input size=\"40\" maxlength=\"400\" class=\"wpcf7-form-control wpcf7-text\" aria-invalid=\"false\" value=\"\" type=\"text\" name=\"dein-betreff\" \/><\/span> <\/label><span id=\"wpcf7-69e3ec32c511d-wrapper\" class=\"wpcf7-form-control-wrap url-wrap\" ><label for=\"wpcf7-69e3ec32c511d-field\" class=\"hp-message\">Veuillez laisser ce champ vide.<\/label><input id=\"wpcf7-69e3ec32c511d-field\"  class=\"wpcf7-form-control wpcf7-text\" type=\"text\" name=\"url\" value=\"\" size=\"40\" tabindex=\"-1\" autocomplete=\"new-password\" \/><\/span>\n<\/div>\n\n<div class=\"elementor-field-group elementor-column elementor-field-group-name elementor-col-100 spalte-ganz\">\n<label>  Message*\n    <span class=\"wpcf7-form-control-wrap\" data-name=\"deine-nachricht\"><textarea cols=\"40\" rows=\"10\" maxlength=\"2000\" class=\"wpcf7-form-control wpcf7-textarea wpcf7-validates-as-required\" aria-required=\"true\" aria-invalid=\"false\" name=\"deine-nachricht\"><\/textarea><\/span> <\/label><span id=\"wpcf7-69e3ec32c524c-wrapper\" class=\"wpcf7-form-control-wrap url-wrap\" ><label for=\"wpcf7-69e3ec32c524c-field\" class=\"hp-message\">Veuillez laisser ce champ vide.<\/label><input id=\"wpcf7-69e3ec32c524c-field\"  class=\"wpcf7-form-control wpcf7-text\" type=\"text\" name=\"url\" value=\"\" size=\"40\" tabindex=\"-1\" autocomplete=\"new-password\" \/><\/span>\n<\/div>\n\n<div class=\"elementor-field-group elementor-column elementor-field-group-name elementor-col-100 datenschutzhinweis spalte-ganz\">\n<span class=\"wpcf7-form-control-wrap\" data-name=\"datenschutzhinweis\"><span class=\"wpcf7-form-control wpcf7-acceptance\"><span class=\"wpcf7-list-item\"><label><input type=\"checkbox\" name=\"datenschutzhinweis\" value=\"1\" aria-invalid=\"false\" \/><span class=\"wpcf7-list-item-label\">Oui, j&rsquo;ai pris connaissance de la <a target=\"_blank\" href=\"https:\/\/lokbest-store.coalo.dev\/fr\/declaration-de-confidentialite\/\">note d&rsquo;information sur la protection des donn\u00e9es<\/a> et je l&rsquo;accepte.<\/span><\/label><\/span><\/span><\/span>\n<\/div>\n<div><p>* Mentions obligatoires<\/p><\/div>\n\n<div class=\"elementor-field-group elementor-column elementor-field-group-name elementor-col-100 spalte-ganz\">\n<input class=\"wpcf7-form-control wpcf7-submit has-spinner\" type=\"submit\" value=\"Envoyer\" \/>\n<\/div>\n<\/div>\n<\/form>\n<\/div>\n\n<\/div><\/section><\/p><\/div><\/p>\t\t\t\t\t\t\t\t<\/div>\n\t\t\t\t<\/div>\n\t\t\t\t\t<\/div>\n\t\t<\/div>\n\t\t\t\t\t<\/div>\n\t\t<\/section>\n\t\t\t\t<\/div>\n\t\t","protected":false},"excerpt":{"rendered":"","protected":false},"author":3,"featured_media":0,"parent":0,"menu_order":0,"comment_status":"open","ping_status":"open","template":"","meta":{"_acf_changed":false,"inline_featured_image":false,"footnotes":""},"class_list":["post-14885","page","type-page","status-publish","hentry"],"acf":[],"yoast_head":"<!-- This site is optimized with the Yoast SEO Premium plugin v26.4 (Yoast SEO v26.8) - https:\/\/yoast.com\/product\/yoast-seo-premium-wordpress\/ -->\n<title>Contact - LOKBEST Store<\/title>\n<meta name=\"robots\" content=\"index, follow, max-snippet:-1, max-image-preview:large, max-video-preview:-1\" \/>\n<link rel=\"canonical\" href=\"https:\/\/lokbest-store.coalo.dev\/fr\/contact\/\" \/>\n<meta property=\"og:locale\" content=\"fr_FR\" \/>\n<meta property=\"og:type\" content=\"article\" \/>\n<meta property=\"og:title\" content=\"Contact\" \/>\n<meta property=\"og:url\" content=\"https:\/\/lokbest-store.coalo.dev\/fr\/contact\/\" \/>\n<meta property=\"og:site_name\" content=\"LOKBEST Store\" \/>\n<meta property=\"article:modified_time\" content=\"2025-06-03T12:52:38+00:00\" \/>\n<meta name=\"twitter:card\" content=\"summary_large_image\" \/>\n<meta name=\"twitter:label1\" content=\"Dur\u00e9e de lecture estim\u00e9e\" \/>\n\t<meta name=\"twitter:data1\" content=\"4 minutes\" \/>\n<script type=\"application\/ld+json\" class=\"yoast-schema-graph\">{\"@context\":\"https:\/\/schema.org\",\"@graph\":[{\"@type\":\"WebPage\",\"@id\":\"https:\/\/lokbest-store.coalo.dev\/fr\/contact\/\",\"url\":\"https:\/\/lokbest-store.coalo.dev\/fr\/contact\/\",\"name\":\"Contact - LOKBEST Store\",\"isPartOf\":{\"@id\":\"https:\/\/lokbest-store.coalo.dev\/fr\/#website\"},\"datePublished\":\"2022-03-29T17:19:12+00:00\",\"dateModified\":\"2025-06-03T12:52:38+00:00\",\"breadcrumb\":{\"@id\":\"https:\/\/lokbest-store.coalo.dev\/fr\/contact\/#breadcrumb\"},\"inLanguage\":\"fr-FR\",\"potentialAction\":[{\"@type\":\"ReadAction\",\"target\":[\"https:\/\/lokbest-store.coalo.dev\/fr\/contact\/\"]}]},{\"@type\":\"BreadcrumbList\",\"@id\":\"https:\/\/lokbest-store.coalo.dev\/fr\/contact\/#breadcrumb\",\"itemListElement\":[{\"@type\":\"ListItem\",\"position\":1,\"name\":\"Startseite\",\"item\":\"https:\/\/lokbest-store.coalo.dev\/fr\/\"},{\"@type\":\"ListItem\",\"position\":2,\"name\":\"Contact\"}]},{\"@type\":\"WebSite\",\"@id\":\"https:\/\/lokbest-store.coalo.dev\/fr\/#website\",\"url\":\"https:\/\/lokbest-store.coalo.dev\/fr\/\",\"name\":\"LOKBEST Store\",\"description\":\"\",\"publisher\":{\"@id\":\"https:\/\/lokbest-store.coalo.dev\/fr\/#organization\"},\"potentialAction\":[{\"@type\":\"SearchAction\",\"target\":{\"@type\":\"EntryPoint\",\"urlTemplate\":\"https:\/\/lokbest-store.coalo.dev\/fr\/?s={search_term_string}\"},\"query-input\":{\"@type\":\"PropertyValueSpecification\",\"valueRequired\":true,\"valueName\":\"search_term_string\"}}],\"inLanguage\":\"fr-FR\"},{\"@type\":\"Organization\",\"@id\":\"https:\/\/lokbest-store.coalo.dev\/fr\/#organization\",\"name\":\"LOKBEST Store\",\"url\":\"https:\/\/lokbest-store.coalo.dev\/fr\/\",\"logo\":{\"@type\":\"ImageObject\",\"inLanguage\":\"fr-FR\",\"@id\":\"https:\/\/lokbest-store.coalo.dev\/fr\/#\/schema\/logo\/image\/\",\"url\":\"https:\/\/lokbest-store.coalo.dev\/wp-content\/uploads\/2022\/04\/lokbest-store-logo2.svg\",\"contentUrl\":\"https:\/\/lokbest-store.coalo.dev\/wp-content\/uploads\/2022\/04\/lokbest-store-logo2.svg\",\"width\":\"1024\",\"height\":\"1024\",\"caption\":\"LOKBEST Store\"},\"image\":{\"@id\":\"https:\/\/lokbest-store.coalo.dev\/fr\/#\/schema\/logo\/image\/\"}}]}<\/script>\n<!-- \/ Yoast SEO Premium plugin. -->","yoast_head_json":{"title":"Contact - LOKBEST Store","robots":{"index":"index","follow":"follow","max-snippet":"max-snippet:-1","max-image-preview":"max-image-preview:large","max-video-preview":"max-video-preview:-1"},"canonical":"https:\/\/lokbest-store.coalo.dev\/fr\/contact\/","og_locale":"fr_FR","og_type":"article","og_title":"Contact","og_url":"https:\/\/lokbest-store.coalo.dev\/fr\/contact\/","og_site_name":"LOKBEST Store","article_modified_time":"2025-06-03T12:52:38+00:00","twitter_card":"summary_large_image","twitter_misc":{"Dur\u00e9e de lecture estim\u00e9e":"4 minutes"},"schema":{"@context":"https:\/\/schema.org","@graph":[{"@type":"WebPage","@id":"https:\/\/lokbest-store.coalo.dev\/fr\/contact\/","url":"https:\/\/lokbest-store.coalo.dev\/fr\/contact\/","name":"Contact - LOKBEST Store","isPartOf":{"@id":"https:\/\/lokbest-store.coalo.dev\/fr\/#website"},"datePublished":"2022-03-29T17:19:12+00:00","dateModified":"2025-06-03T12:52:38+00:00","breadcrumb":{"@id":"https:\/\/lokbest-store.coalo.dev\/fr\/contact\/#breadcrumb"},"inLanguage":"fr-FR","potentialAction":[{"@type":"ReadAction","target":["https:\/\/lokbest-store.coalo.dev\/fr\/contact\/"]}]},{"@type":"BreadcrumbList","@id":"https:\/\/lokbest-store.coalo.dev\/fr\/contact\/#breadcrumb","itemListElement":[{"@type":"ListItem","position":1,"name":"Startseite","item":"https:\/\/lokbest-store.coalo.dev\/fr\/"},{"@type":"ListItem","position":2,"name":"Contact"}]},{"@type":"WebSite","@id":"https:\/\/lokbest-store.coalo.dev\/fr\/#website","url":"https:\/\/lokbest-store.coalo.dev\/fr\/","name":"LOKBEST Store","description":"","publisher":{"@id":"https:\/\/lokbest-store.coalo.dev\/fr\/#organization"},"potentialAction":[{"@type":"SearchAction","target":{"@type":"EntryPoint","urlTemplate":"https:\/\/lokbest-store.coalo.dev\/fr\/?s={search_term_string}"},"query-input":{"@type":"PropertyValueSpecification","valueRequired":true,"valueName":"search_term_string"}}],"inLanguage":"fr-FR"},{"@type":"Organization","@id":"https:\/\/lokbest-store.coalo.dev\/fr\/#organization","name":"LOKBEST Store","url":"https:\/\/lokbest-store.coalo.dev\/fr\/","logo":{"@type":"ImageObject","inLanguage":"fr-FR","@id":"https:\/\/lokbest-store.coalo.dev\/fr\/#\/schema\/logo\/image\/","url":"https:\/\/lokbest-store.coalo.dev\/wp-content\/uploads\/2022\/04\/lokbest-store-logo2.svg","contentUrl":"https:\/\/lokbest-store.coalo.dev\/wp-content\/uploads\/2022\/04\/lokbest-store-logo2.svg","width":"1024","height":"1024","caption":"LOKBEST Store"},"image":{"@id":"https:\/\/lokbest-store.coalo.dev\/fr\/#\/schema\/logo\/image\/"}}]}},"_links":{"self":[{"href":"https:\/\/lokbest-store.coalo.dev\/fr\/wp-json\/wp\/v2\/pages\/14885","targetHints":{"allow":["GET"]}}],"collection":[{"href":"https:\/\/lokbest-store.coalo.dev\/fr\/wp-json\/wp\/v2\/pages"}],"about":[{"href":"https:\/\/lokbest-store.coalo.dev\/fr\/wp-json\/wp\/v2\/types\/page"}],"author":[{"embeddable":true,"href":"https:\/\/lokbest-store.coalo.dev\/fr\/wp-json\/wp\/v2\/users\/3"}],"replies":[{"embeddable":true,"href":"https:\/\/lokbest-store.coalo.dev\/fr\/wp-json\/wp\/v2\/comments?post=14885"}],"version-history":[{"count":47,"href":"https:\/\/lokbest-store.coalo.dev\/fr\/wp-json\/wp\/v2\/pages\/14885\/revisions"}],"predecessor-version":[{"id":47978,"href":"https:\/\/lokbest-store.coalo.dev\/fr\/wp-json\/wp\/v2\/pages\/14885\/revisions\/47978"}],"wp:attachment":[{"href":"https:\/\/lokbest-store.coalo.dev\/fr\/wp-json\/wp\/v2\/media?parent=14885"}],"curies":[{"name":"wp","href":"https:\/\/api.w.org\/{rel}","templated":true}]}}